{"id":3879,"date":"2014-10-02T22:12:12","date_gmt":"2014-10-02T20:12:12","guid":{"rendered":"http:\/\/www.operndorf-afrika.com\/fr\/vision\/"},"modified":"2017-03-15T19:06:05","modified_gmt":"2017-03-15T17:06:05","slug":"vision","status":"publish","type":"page","link":"https:\/\/www.operndorf-afrika.com\/fr\/vision\/","title":{"rendered":"Vision"},"content":{"rendered":"<p>L\u2019Operndorf Afrika est un projet d\u2019art international qui se construit depuis 2009 au Burkina Faso\/Afrique de l\u2019ouest, et qui est bas\u00e9 sur l\u2019id\u00e9e de l\u2019artiste allemand\u00a0Christoph Schlingensief\u00a0(1960\u20132010). Le project est sous tutelle de le pr\u00e9sident H.S. de\u00a0la\u00a0R\u00e9publique\u00a0f\u00e9d\u00e9rale\u00a0d\u2019 Allemagne Horst K\u00f6hler depuis 2011. L\u2019Operndorf Afrika a \u00e9t\u00e9 le dernier travail artistique de Schlingensief et il le d\u00e9signa lui-m\u00eame comme \u00abson projet le plus important\u00bb.<\/p>\n<p>Avec l\u2019Operndorf Afrika\u00a0\u00e9tait li\u00e9 le souhait de Christoph de cr\u00e9er un lieu de rencontre internationale. Ici, des hommes\/femmes de diff\u00e9rentes origines doivent travailler artistiquement et \u00e9changer \u00e0 travers l\u2019art. Depuis 2009, cette plate-forme se manifeste pour des programmes d\u2019\u00e9changes culturels et des discours postcoloniaux pertinents rendant visibles une nouvelle image diff\u00e9renci\u00e9e de l\u2018Afrique. L\u2019\u00e9change est int\u00e9gr\u00e9 dans la r\u00e9alit\u00e9 quotidienne du village nouvellement cr\u00e9\u00e9, \u00e0 env. 30 km d\u2019Ouagadougou, la capitale du Burkina Faso. A moyen terme, le projet doit \u00eatre transmis \u00e0 la souverainet\u00e9 de ses habitants.<\/p>\n<p>En f\u00e9vrier 2010, la premi\u00e8re brique pour l\u2018Operndorf Afrika a \u00e9t\u00e9 pos\u00e9e. Jusqu\u2019\u00e0 maintenant, on a construit 23 b\u00e2timents sur la zone mise \u00e0 disposition du gouvernement burkinab\u00e9.<\/p>\n<div class=\"text-block\">\n<p>Tous les projets de construction, projets culturels et leur financement sont coordonn\u00e9s par la\u00a0Festspielhaus Afrika gemeinn\u00fctzige GmbH\u00a0cr\u00e9\u00e9e par Schlingensief en 2009 avec si\u00e8ge \u00e0 Berlin. A \u00e9t\u00e9 cr\u00e9\u00e9 en d\u00e9cembre 2012 en outre la\u00a0fondation\u00a0\u00e0 but non lucratif Operndorf Afrika. A long terme, la fondation Operndorf Afrika doit prendre en charge les co\u00fbts d\u2019exploitation et d\u2019administration et l\u2019\u00e9tat du programme culturel au Burkina Faso. Les unit\u00e9s d\u2019exploitation \u00e9cole et dispensaire sont d\u00e9j\u00e0 pris en charge par le gouvernement du Burkina Faso.<\/p>\n<\/div>\n<div class=\"text-block\">\n<p>L\u2019Operndorf Afrika a \u00e9t\u00e9 pouss\u00e9 au d\u00e9but avec le soutien financier et logistique de la\u00a0Fondation culturelle allemande, du\u00a0Goethe-Institut, du\u00a0Minist\u00e8re des Affaires \u00e9trang\u00e8res, du\u00a0Minist\u00e8re f\u00e9d\u00e9ral pour la coop\u00e9ration et le d\u00e9veloppement \u00e9conomiques, du\u00a0Gr\u00fcnhelme\u00a0e.V.\u00a0et un grand engagement personnel de beaucoup de personnes.<\/p>\n<\/div>\n<div class=\"cite-block\"><img decoding=\"async\" class=\"cite_streifen\" src=\"http:\/\/www.operndorf-afrika.com\/wp-content\/themes\/web3000Theme\/library\/images\/streifen4.png\" \/><\/p>\n<div class=\"cite-text\">\u00abL\u2018Operndorf est un projet qui donne de l\u2018espoir \u2013 l\u2019espoir qu\u2019il peut y avoir une relation entre l\u2019Europe et l\u2019Afrique bas\u00e9e sur la r\u00e9ciprocit\u00e9 et non sur la dominance. L\u2019espoir que la culture peut contribuer au d\u00e9veloppement d\u2019enfants et au d\u00e9veloppement d\u2019un pays. Cet Operndorf est un village de l\u2018espoir.\u00bb<\/div>\n<div class=\"cite-subtitle\">Le pr\u00e9sident H.S. de la R\u00e9publique f\u00e9d\u00e9rale d\u2019 Allemagne Horst K\u00f6hler<\/div>\n<p><img decoding=\"async\" class=\"cite_streifen\" src=\"http:\/\/www.operndorf-afrika.com\/wp-content\/themes\/web3000Theme\/library\/images\/streifen4.png\" \/><\/p>\n<\/div>\n","protected":false},"excerpt":{"rendered":"<p>L\u2019Operndorf Afrika est un projet d\u2019art international qui se construit depuis 2009 au Burkina Faso\/Afrique de l\u2019ouest, et qui est bas\u00e9 sur l\u2019id\u00e9e de l\u2019artiste &#8230;","protected":false},"author":3,"featured_media":0,"parent":0,"menu_order":25,"comment_status":"closed","ping_status":"closed","template":"page-custom-visions.php","meta":{"_acf_changed":false,"footnotes":""},"class_list":["post-3879","page","type-page","status-publish","hentry"],"acf":[],"yoast_head":"<!-- This site is optimized with the Yoast SEO plugin v27.0 - https:\/\/yoast.com\/product\/yoast-seo-wordpress\/ -->\n<title>Vision &#8226; Operndorf Afrika<\/title>\n<meta name=\"robots\" content=\"index, follow, max-snippet:-1, max-image-preview:large, max-video-preview:-1\" \/>\n<meta property=\"og:locale\" content=\"fr_FR\" \/>\n<meta property=\"og:type\" content=\"article\" \/>\n<meta property=\"og:title\" content=\"Vision &#8226; Operndorf Afrika\" \/>\n<meta property=\"og:description\" content=\"L\u2019Operndorf Afrika est un projet d\u2019art international qui se construit depuis 2009 au Burkina Faso\/Afrique de l\u2019ouest, et qui est bas\u00e9 sur l\u2019id\u00e9e de l\u2019artiste ...\" \/>\n<meta property=\"og:url\" content=\"https:\/\/www.operndorf-afrika.com\/fr\/vision\/\" \/>\n<meta property=\"og:site_name\" content=\"Operndorf Afrika\" \/>\n<meta property=\"article:publisher\" content=\"https:\/\/www.facebook.com\/OperndorfAfrika\" \/>\n<meta property=\"article:modified_time\" content=\"2017-03-15T17:06:05+00:00\" \/>\n<meta property=\"og:image\" content=\"http:\/\/www.operndorf-afrika.com\/wp-content\/themes\/web3000Theme\/library\/images\/streifen4.png\" \/>\n<meta name=\"twitter:label1\" content=\"Dur\u00e9e de lecture estim\u00e9e\" \/>\n\t<meta name=\"twitter:data1\" content=\"2 minutes\" \/>\n<script type=\"application\/ld+json\" class=\"yoast-schema-graph\">{\"@context\":\"https:\/\/schema.org\",\"@graph\":[{\"@type\":\"WebPage\",\"@id\":\"https:\/\/www.operndorf-afrika.com\/fr\/vision\/\",\"url\":\"https:\/\/www.operndorf-afrika.com\/fr\/vision\/\",\"name\":\"Vision &#8226; Operndorf Afrika\",\"isPartOf\":{\"@id\":\"https:\/\/www.operndorf-afrika.com\/fr\/#website\"},\"primaryImageOfPage\":{\"@id\":\"https:\/\/www.operndorf-afrika.com\/fr\/vision\/#primaryimage\"},\"image\":{\"@id\":\"https:\/\/www.operndorf-afrika.com\/fr\/vision\/#primaryimage\"},\"thumbnailUrl\":\"http:\/\/www.operndorf-afrika.com\/wp-content\/themes\/web3000Theme\/library\/images\/streifen4.png\",\"datePublished\":\"2014-10-02T20:12:12+00:00\",\"dateModified\":\"2017-03-15T17:06:05+00:00\",\"breadcrumb\":{\"@id\":\"https:\/\/www.operndorf-afrika.com\/fr\/vision\/#breadcrumb\"},\"inLanguage\":\"fr-FR\",\"potentialAction\":[{\"@type\":\"ReadAction\",\"target\":[\"https:\/\/www.operndorf-afrika.com\/fr\/vision\/\"]}]},{\"@type\":\"ImageObject\",\"inLanguage\":\"fr-FR\",\"@id\":\"https:\/\/www.operndorf-afrika.com\/fr\/vision\/#primaryimage\",\"url\":\"http:\/\/www.operndorf-afrika.com\/wp-content\/themes\/web3000Theme\/library\/images\/streifen4.png\",\"contentUrl\":\"http:\/\/www.operndorf-afrika.com\/wp-content\/themes\/web3000Theme\/library\/images\/streifen4.png\"},{\"@type\":\"BreadcrumbList\",\"@id\":\"https:\/\/www.operndorf-afrika.com\/fr\/vision\/#breadcrumb\",\"itemListElement\":[{\"@type\":\"ListItem\",\"position\":1,\"name\":\"Home\",\"item\":\"https:\/\/www.operndorf-afrika.com\/fr\/\"},{\"@type\":\"ListItem\",\"position\":2,\"name\":\"Vision\"}]},{\"@type\":\"WebSite\",\"@id\":\"https:\/\/www.operndorf-afrika.com\/fr\/#website\",\"url\":\"https:\/\/www.operndorf-afrika.com\/fr\/\",\"name\":\"Operndorf Afrika\",\"description\":\"\",\"publisher\":{\"@id\":\"https:\/\/www.operndorf-afrika.com\/fr\/#organization\"},\"inLanguage\":\"fr-FR\"},{\"@type\":\"Organization\",\"@id\":\"https:\/\/www.operndorf-afrika.com\/fr\/#organization\",\"name\":\"Christoph Schlingensiefs Operndorf Afrika\",\"url\":\"https:\/\/www.operndorf-afrika.com\/fr\/\",\"logo\":{\"@type\":\"ImageObject\",\"inLanguage\":\"fr-FR\",\"@id\":\"https:\/\/www.operndorf-afrika.com\/fr\/#\/schema\/logo\/image\/\",\"url\":\"https:\/\/www.operndorf-afrika.com\/wp-content\/uploads\/operndorf_wortmarke.png\",\"contentUrl\":\"https:\/\/www.operndorf-afrika.com\/wp-content\/uploads\/operndorf_wortmarke.png\",\"width\":3503,\"height\":1013,\"caption\":\"Christoph Schlingensiefs Operndorf Afrika\"},\"image\":{\"@id\":\"https:\/\/www.operndorf-afrika.com\/fr\/#\/schema\/logo\/image\/\"},\"sameAs\":[\"https:\/\/www.facebook.com\/OperndorfAfrika\",\"http:\/\/www.instagram.com\/operndorfafrika\/\"]}]}<\/script>\n<!-- \/ Yoast SEO plugin. -->","yoast_head_json":{"title":"Vision &#8226; Operndorf Afrika","robots":{"index":"index","follow":"follow","max-snippet":"max-snippet:-1","max-image-preview":"max-image-preview:large","max-video-preview":"max-video-preview:-1"},"og_locale":"fr_FR","og_type":"article","og_title":"Vision &#8226; Operndorf Afrika","og_description":"L\u2019Operndorf Afrika est un projet d\u2019art international qui se construit depuis 2009 au Burkina Faso\/Afrique de l\u2019ouest, et qui est bas\u00e9 sur l\u2019id\u00e9e de l\u2019artiste ...","og_url":"https:\/\/www.operndorf-afrika.com\/fr\/vision\/","og_site_name":"Operndorf Afrika","article_publisher":"https:\/\/www.facebook.com\/OperndorfAfrika","article_modified_time":"2017-03-15T17:06:05+00:00","og_image":[{"url":"http:\/\/www.operndorf-afrika.com\/wp-content\/themes\/web3000Theme\/library\/images\/streifen4.png","type":"","width":"","height":""}],"twitter_misc":{"Dur\u00e9e de lecture estim\u00e9e":"2 minutes"},"schema":{"@context":"https:\/\/schema.org","@graph":[{"@type":"WebPage","@id":"https:\/\/www.operndorf-afrika.com\/fr\/vision\/","url":"https:\/\/www.operndorf-afrika.com\/fr\/vision\/","name":"Vision &#8226; Operndorf Afrika","isPartOf":{"@id":"https:\/\/www.operndorf-afrika.com\/fr\/#website"},"primaryImageOfPage":{"@id":"https:\/\/www.operndorf-afrika.com\/fr\/vision\/#primaryimage"},"image":{"@id":"https:\/\/www.operndorf-afrika.com\/fr\/vision\/#primaryimage"},"thumbnailUrl":"http:\/\/www.operndorf-afrika.com\/wp-content\/themes\/web3000Theme\/library\/images\/streifen4.png","datePublished":"2014-10-02T20:12:12+00:00","dateModified":"2017-03-15T17:06:05+00:00","breadcrumb":{"@id":"https:\/\/www.operndorf-afrika.com\/fr\/vision\/#breadcrumb"},"inLanguage":"fr-FR","potentialAction":[{"@type":"ReadAction","target":["https:\/\/www.operndorf-afrika.com\/fr\/vision\/"]}]},{"@type":"ImageObject","inLanguage":"fr-FR","@id":"https:\/\/www.operndorf-afrika.com\/fr\/vision\/#primaryimage","url":"http:\/\/www.operndorf-afrika.com\/wp-content\/themes\/web3000Theme\/library\/images\/streifen4.png","contentUrl":"http:\/\/www.operndorf-afrika.com\/wp-content\/themes\/web3000Theme\/library\/images\/streifen4.png"},{"@type":"BreadcrumbList","@id":"https:\/\/www.operndorf-afrika.com\/fr\/vision\/#breadcrumb","itemListElement":[{"@type":"ListItem","position":1,"name":"Home","item":"https:\/\/www.operndorf-afrika.com\/fr\/"},{"@type":"ListItem","position":2,"name":"Vision"}]},{"@type":"WebSite","@id":"https:\/\/www.operndorf-afrika.com\/fr\/#website","url":"https:\/\/www.operndorf-afrika.com\/fr\/","name":"Operndorf Afrika","description":"","publisher":{"@id":"https:\/\/www.operndorf-afrika.com\/fr\/#organization"},"inLanguage":"fr-FR"},{"@type":"Organization","@id":"https:\/\/www.operndorf-afrika.com\/fr\/#organization","name":"Christoph Schlingensiefs Operndorf Afrika","url":"https:\/\/www.operndorf-afrika.com\/fr\/","logo":{"@type":"ImageObject","inLanguage":"fr-FR","@id":"https:\/\/www.operndorf-afrika.com\/fr\/#\/schema\/logo\/image\/","url":"https:\/\/www.operndorf-afrika.com\/wp-content\/uploads\/operndorf_wortmarke.png","contentUrl":"https:\/\/www.operndorf-afrika.com\/wp-content\/uploads\/operndorf_wortmarke.png","width":3503,"height":1013,"caption":"Christoph Schlingensiefs Operndorf Afrika"},"image":{"@id":"https:\/\/www.operndorf-afrika.com\/fr\/#\/schema\/logo\/image\/"},"sameAs":["https:\/\/www.facebook.com\/OperndorfAfrika","http:\/\/www.instagram.com\/operndorfafrika\/"]}]}},"_links":{"self":[{"href":"https:\/\/www.operndorf-afrika.com\/fr\/wp-json\/wp\/v2\/pages\/3879","targetHints":{"allow":["GET"]}}],"collection":[{"href":"https:\/\/www.operndorf-afrika.com\/fr\/wp-json\/wp\/v2\/pages"}],"about":[{"href":"https:\/\/www.operndorf-afrika.com\/fr\/wp-json\/wp\/v2\/types\/page"}],"author":[{"embeddable":true,"href":"https:\/\/www.operndorf-afrika.com\/fr\/wp-json\/wp\/v2\/users\/3"}],"replies":[{"embeddable":true,"href":"https:\/\/www.operndorf-afrika.com\/fr\/wp-json\/wp\/v2\/comments?post=3879"}],"version-history":[{"count":0,"href":"https:\/\/www.operndorf-afrika.com\/fr\/wp-json\/wp\/v2\/pages\/3879\/revisions"}],"wp:attachment":[{"href":"https:\/\/www.operndorf-afrika.com\/fr\/wp-json\/wp\/v2\/media?parent=3879"}],"curies":[{"name":"wp","href":"https:\/\/api.w.org\/{rel}","templated":true}]}}