{"id":3685,"date":"2014-09-11T19:22:03","date_gmt":"2014-09-11T17:22:03","guid":{"rendered":"http:\/\/www.operndorf-afrika.com\/fr\/impressum\/"},"modified":"2022-05-12T10:48:00","modified_gmt":"2022-05-12T08:48:00","slug":"editorial-contact","status":"publish","type":"page","link":"https:\/\/www.operndorf-afrika.com\/fr\/editorial-contact\/","title":{"rendered":"EDITORIAL &#038; CONTACT"},"content":{"rendered":"<p style=\"text-align: center;\"><span class=\"archivo\" style=\"font-weight: bold; font-family: 'Archivo Black', Arial, 'Helvetica Neue', Helvetica;\"><strong><span style=\"color: #000000;\">Adresse postale Allemagne<\/span><\/strong><\/span><\/p>\n<p style=\"text-align: center;\">Festspielhaus Afrika gGmbH<br \/>\nFehrbelliner Str. 56<br \/>\n10119 Berlin<br \/>\nTel: +49\u00a0(0) 30 400 459 42<br \/>\n<a href=\"mailto:festspielhaus@schlingensief.com\">festspielhaus@schlingensief.com<\/a><\/p>\n<p>&nbsp;<\/p>\n<p>&nbsp;<\/p>\n<p style=\"text-align: center;\">Stiftung Operndorf Afrika<br \/>\nFehrbelliner Str. 56<br \/>\n10119 Berlin<br \/>\nTel: +49\u00a0(0) 30 400 459 42<br \/>\n<a href=\"mailto:festspielhaus@schlingensief.com\">festspielhaus@schlingensief.com<\/a><\/p>\n<p>&nbsp;<\/p>\n<p>&nbsp;<\/p>\n<p style=\"text-align: center;\"><span class=\"archivo\" style=\"font-weight: bold; font-family: 'Archivo Black', Arial, 'Helvetica Neue', Helvetica;\"><strong>Adresse postale Burkina Faso<\/strong><\/span><\/p>\n<p style=\"text-align: center;\">Village-Op\u00e9ra<br \/>\nFestspielhaus Afrika gGmbH<br \/>\nBP 510 Ziniar\u00e9<br \/>\nBurkina Faso<br \/>\n<a href=\"mailto:festspielhaus@schlingensief.com\">festspielhaus@schlingensief.com<\/a><\/p>\n<p>&nbsp;<\/p>\n<p>&nbsp;<\/p>\n<p style=\"text-align: center;\"><span class=\"archivo\" style=\"font-weight: bold; font-family: 'Archivo Black', Arial, 'Helvetica Neue', Helvetica;\"><b>Soci\u00e9taire directrice de la <\/b><b>Festspielhaus Afrika gGmbH <\/b><\/span><\/p>\n<p style=\"text-align: center;\"><span class=\"archivo\" style=\"font-weight: bold; font-family: 'Archivo Black', Arial, 'Helvetica Neue', Helvetica;\"><b>et pr\u00e9sidente de la fondation<\/b><\/span><\/p>\n<p style=\"text-align: center;\">Aino Laberenz<br \/>\n<a href=\"mailto:laberenz@schlingensief.com\">laberenz@schlingensief.com<\/a><\/p>\n<p>&nbsp;<\/p>\n<p>&nbsp;<\/p>\n<p style=\"text-align: center;\"><span class=\"archivo\" style=\"font-weight: bold; font-family: 'Archivo Black', Arial, 'Helvetica Neue', Helvetica;\"><strong>Demandes\u00a0au service de donateur<\/strong><\/span><\/p>\n<p style=\"text-align: center;\"><a href=\"mailto:spenden@festspielhaus-afrika.com\">spenden@festspielhaus-afrika.com<\/a><\/p>\n<p>&nbsp;<\/p>\n<p>&nbsp;<\/p>\n<p style=\"text-align: center;\"><span class=\"archivo\" style=\"font-weight: bold; font-family: 'Archivo Black', Arial, 'Helvetica Neue', Helvetica;\"><strong>Demandes d\u2019images \/ presse<\/strong><\/span><br \/>\n<a href=\"http:\/\/presse.operndorf-afrika.com\">presse.operndorf-afrika.com<\/a><\/p>\n<p>&nbsp;<\/p>\n<p>&nbsp;<\/p>\n<p style=\"text-align: center;\"><span class=\"archivo\" style=\"font-weight: bold; font-family: 'Archivo Black', Arial, 'Helvetica Neue', Helvetica;\"><b>Registre tribunal<\/b><\/span><br \/>\nAmtsgericht Berlin-Charlottenburg, F1103<\/p>\n<p>&nbsp;<\/p>\n<p>&nbsp;<\/p>\n<p style=\"text-align: center;\"><span class=\"archivo\" style=\"font-weight: bold; font-family: 'Archivo Black', Arial, 'Helvetica Neue', Helvetica;\"><b>Num\u00e9ro registre<\/b><\/span><br \/>\nHR 120749 B<\/p>\n<p style=\"text-align: center;\">Une initiative de Christoph Schlingensief<\/p>\n<p style=\"text-align: center;\">Responsable du contenu conforme \u00e0 \u00a7 55 Abs. 2 RStV: Aino Laberenz<\/p>\n<p style=\"text-align: center;\">Malgr\u00e9 un contr\u00f4le soigneux des contenus, nous n\u2019assument aucune responsabilit\u00e9 pour le contenu de liens externes.<\/p>\n<p style=\"text-align: center;\">Pour le contenu de pages li\u00e9es, uniquement leur exploitanten est responsable.<\/p>\n<p>&nbsp;<\/p>\n<p>&nbsp;<\/p>\n<p style=\"text-align: center;\"><span style=\"color: #000000;\"><span class=\"b1\">Le site de web<\/span><span class=\"b1\">\u00a0<\/span><span class=\"b2\">\u00e0 \u00e9t\u00e9<\/span><span class=\"b3\">\u00a0cr\u00e9e<\/span><span class=\"b5\">\u00a0avec l<\/span><span class=\"b4\">e\u00a0<\/span><span class=\"b5\">soutien<\/span><span class=\"b4\">\u00a0a<\/span><span class=\"b3\">mical de<\/span><\/span><br \/>\n<a href=\"http:\/\/www.mdic.com\/vivacell-mts\" target=\"_blank\" rel=\"noopener noreferrer\"><span class=\"archivo\" style=\"font-weight: bold; font-family: 'Archivo Black',Arial,'Helvetica Neue',Helvetica;\">MDIC\u2013CSR program extending across Africa<\/span><\/a><\/p>\n<p>&nbsp;<\/p>\n<p>&nbsp;<\/p>\n<p style=\"text-align: center;\"><span class=\"b3\">Nous remercions\u00a0<\/span><span class=\"b2\">notre part<\/span><span class=\"b3\">ena<\/span><span class=\"b4\">ir<\/span><span class=\"b5\">e<\/span><br \/>\n<a href=\"http:\/\/www.mariolombardo.com\/\" target=\"_blank\" rel=\"noopener noreferrer\"><span class=\"archivo\" style=\"font-weight: bold; font-family: 'Archivo Black',Arial,'Helvetica Neue',Helvetica;\">BUREAU Mario Lombardo<\/span><\/a>\u00a0et\u00a0<span class=\"archivo\" style=\"font-weight: bold; font-family: 'Archivo Black',Arial,'Helvetica Neue',Helvetica;\"><a href=\"http:\/\/web3000.net\/\" target=\"_blank\" rel=\"noopener noreferrer\">web3000.net<\/a><\/span><br \/>\n<span class=\"b5\">pour le<\/span><span class=\"b3\">\u00a0pr\u00e9c<\/span><span class=\"b4\">ieu<\/span><span class=\"b5\">x soutien de\u00a0<\/span><span class=\"b1\">l<\/span><span class=\"b2\">a mi<\/span><span class=\"b3\">se e<\/span><span class=\"b4\">n\u00a0<\/span><span class=\"b5\">\u0153uvre<\/span><span class=\"b4\">\u00a0du<\/span><span class=\"b4\"><span style=\"color: #181818;\">\u00a0site du web.<\/span><\/span><\/p>\n<p style=\"text-align: center;\">\u00a0<\/p>\n","protected":false},"excerpt":{"rendered":"<p style=\"text-align: center;\">Adresse postale Allemagne<\/p> <p style=\"text-align: center;\">Festspielhaus Afrika gGmbH<br \/> Fehrbelliner Str. 56<br \/> 10119 Berlin<br \/> Tel: +49\u00a0(0) 30 400 459 42<br \/> &#8230;","protected":false},"author":3,"featured_media":0,"parent":0,"menu_order":162,"comment_status":"closed","ping_status":"closed","template":"page-custom-simplecenter.php","meta":{"_acf_changed":false,"footnotes":""},"class_list":["post-3685","page","type-page","status-publish","hentry"],"acf":[],"yoast_head":"<!-- This site is optimized with the Yoast SEO plugin v27.0 - https:\/\/yoast.com\/product\/yoast-seo-wordpress\/ -->\n<title>EDITORIAL &amp; CONTACT &#8226; Operndorf Afrika<\/title>\n<meta name=\"robots\" content=\"index, follow, max-snippet:-1, max-image-preview:large, max-video-preview:-1\" \/>\n<meta property=\"og:locale\" content=\"fr_FR\" \/>\n<meta property=\"og:type\" content=\"article\" \/>\n<meta property=\"og:title\" content=\"EDITORIAL &amp; CONTACT &#8226; Operndorf Afrika\" \/>\n<meta property=\"og:description\" content=\"Adresse postale Allemagne Festspielhaus Afrika gGmbH Fehrbelliner Str. 56 10119 Berlin Tel: +49\u00a0(0) 30 400 459 42 ...\" \/>\n<meta property=\"og:url\" content=\"https:\/\/www.operndorf-afrika.com\/fr\/editorial-contact\/\" \/>\n<meta property=\"og:site_name\" content=\"Operndorf Afrika\" \/>\n<meta property=\"article:publisher\" content=\"https:\/\/www.facebook.com\/OperndorfAfrika\" \/>\n<meta property=\"article:modified_time\" content=\"2022-05-12T08:48:00+00:00\" \/>\n<meta name=\"twitter:label1\" content=\"Dur\u00e9e de lecture estim\u00e9e\" \/>\n\t<meta name=\"twitter:data1\" content=\"1 minute\" \/>\n<script type=\"application\/ld+json\" class=\"yoast-schema-graph\">{\"@context\":\"https:\/\/schema.org\",\"@graph\":[{\"@type\":\"WebPage\",\"@id\":\"https:\/\/www.operndorf-afrika.com\/fr\/editorial-contact\/\",\"url\":\"https:\/\/www.operndorf-afrika.com\/fr\/editorial-contact\/\",\"name\":\"EDITORIAL & CONTACT &#8226; Operndorf Afrika\",\"isPartOf\":{\"@id\":\"https:\/\/www.operndorf-afrika.com\/fr\/#website\"},\"datePublished\":\"2014-09-11T17:22:03+00:00\",\"dateModified\":\"2022-05-12T08:48:00+00:00\",\"breadcrumb\":{\"@id\":\"https:\/\/www.operndorf-afrika.com\/fr\/editorial-contact\/#breadcrumb\"},\"inLanguage\":\"fr-FR\",\"potentialAction\":[{\"@type\":\"ReadAction\",\"target\":[\"https:\/\/www.operndorf-afrika.com\/fr\/editorial-contact\/\"]}]},{\"@type\":\"BreadcrumbList\",\"@id\":\"https:\/\/www.operndorf-afrika.com\/fr\/editorial-contact\/#breadcrumb\",\"itemListElement\":[{\"@type\":\"ListItem\",\"position\":1,\"name\":\"Home\",\"item\":\"https:\/\/www.operndorf-afrika.com\/fr\/\"},{\"@type\":\"ListItem\",\"position\":2,\"name\":\"EDITORIAL &#038; CONTACT\"}]},{\"@type\":\"WebSite\",\"@id\":\"https:\/\/www.operndorf-afrika.com\/fr\/#website\",\"url\":\"https:\/\/www.operndorf-afrika.com\/fr\/\",\"name\":\"Operndorf Afrika\",\"description\":\"\",\"publisher\":{\"@id\":\"https:\/\/www.operndorf-afrika.com\/fr\/#organization\"},\"inLanguage\":\"fr-FR\"},{\"@type\":\"Organization\",\"@id\":\"https:\/\/www.operndorf-afrika.com\/fr\/#organization\",\"name\":\"Christoph Schlingensiefs Operndorf Afrika\",\"url\":\"https:\/\/www.operndorf-afrika.com\/fr\/\",\"logo\":{\"@type\":\"ImageObject\",\"inLanguage\":\"fr-FR\",\"@id\":\"https:\/\/www.operndorf-afrika.com\/fr\/#\/schema\/logo\/image\/\",\"url\":\"https:\/\/www.operndorf-afrika.com\/wp-content\/uploads\/operndorf_wortmarke.png\",\"contentUrl\":\"https:\/\/www.operndorf-afrika.com\/wp-content\/uploads\/operndorf_wortmarke.png\",\"width\":3503,\"height\":1013,\"caption\":\"Christoph Schlingensiefs Operndorf Afrika\"},\"image\":{\"@id\":\"https:\/\/www.operndorf-afrika.com\/fr\/#\/schema\/logo\/image\/\"},\"sameAs\":[\"https:\/\/www.facebook.com\/OperndorfAfrika\",\"http:\/\/www.instagram.com\/operndorfafrika\/\"]}]}<\/script>\n<!-- \/ Yoast SEO plugin. -->","yoast_head_json":{"title":"EDITORIAL & CONTACT &#8226; Operndorf Afrika","robots":{"index":"index","follow":"follow","max-snippet":"max-snippet:-1","max-image-preview":"max-image-preview:large","max-video-preview":"max-video-preview:-1"},"og_locale":"fr_FR","og_type":"article","og_title":"EDITORIAL & CONTACT &#8226; Operndorf Afrika","og_description":"Adresse postale Allemagne Festspielhaus Afrika gGmbH Fehrbelliner Str. 56 10119 Berlin Tel: +49\u00a0(0) 30 400 459 42 ...","og_url":"https:\/\/www.operndorf-afrika.com\/fr\/editorial-contact\/","og_site_name":"Operndorf Afrika","article_publisher":"https:\/\/www.facebook.com\/OperndorfAfrika","article_modified_time":"2022-05-12T08:48:00+00:00","twitter_misc":{"Dur\u00e9e de lecture estim\u00e9e":"1 minute"},"schema":{"@context":"https:\/\/schema.org","@graph":[{"@type":"WebPage","@id":"https:\/\/www.operndorf-afrika.com\/fr\/editorial-contact\/","url":"https:\/\/www.operndorf-afrika.com\/fr\/editorial-contact\/","name":"EDITORIAL & CONTACT &#8226; Operndorf Afrika","isPartOf":{"@id":"https:\/\/www.operndorf-afrika.com\/fr\/#website"},"datePublished":"2014-09-11T17:22:03+00:00","dateModified":"2022-05-12T08:48:00+00:00","breadcrumb":{"@id":"https:\/\/www.operndorf-afrika.com\/fr\/editorial-contact\/#breadcrumb"},"inLanguage":"fr-FR","potentialAction":[{"@type":"ReadAction","target":["https:\/\/www.operndorf-afrika.com\/fr\/editorial-contact\/"]}]},{"@type":"BreadcrumbList","@id":"https:\/\/www.operndorf-afrika.com\/fr\/editorial-contact\/#breadcrumb","itemListElement":[{"@type":"ListItem","position":1,"name":"Home","item":"https:\/\/www.operndorf-afrika.com\/fr\/"},{"@type":"ListItem","position":2,"name":"EDITORIAL &#038; CONTACT"}]},{"@type":"WebSite","@id":"https:\/\/www.operndorf-afrika.com\/fr\/#website","url":"https:\/\/www.operndorf-afrika.com\/fr\/","name":"Operndorf Afrika","description":"","publisher":{"@id":"https:\/\/www.operndorf-afrika.com\/fr\/#organization"},"inLanguage":"fr-FR"},{"@type":"Organization","@id":"https:\/\/www.operndorf-afrika.com\/fr\/#organization","name":"Christoph Schlingensiefs Operndorf Afrika","url":"https:\/\/www.operndorf-afrika.com\/fr\/","logo":{"@type":"ImageObject","inLanguage":"fr-FR","@id":"https:\/\/www.operndorf-afrika.com\/fr\/#\/schema\/logo\/image\/","url":"https:\/\/www.operndorf-afrika.com\/wp-content\/uploads\/operndorf_wortmarke.png","contentUrl":"https:\/\/www.operndorf-afrika.com\/wp-content\/uploads\/operndorf_wortmarke.png","width":3503,"height":1013,"caption":"Christoph Schlingensiefs Operndorf Afrika"},"image":{"@id":"https:\/\/www.operndorf-afrika.com\/fr\/#\/schema\/logo\/image\/"},"sameAs":["https:\/\/www.facebook.com\/OperndorfAfrika","http:\/\/www.instagram.com\/operndorfafrika\/"]}]}},"_links":{"self":[{"href":"https:\/\/www.operndorf-afrika.com\/fr\/wp-json\/wp\/v2\/pages\/3685","targetHints":{"allow":["GET"]}}],"collection":[{"href":"https:\/\/www.operndorf-afrika.com\/fr\/wp-json\/wp\/v2\/pages"}],"about":[{"href":"https:\/\/www.operndorf-afrika.com\/fr\/wp-json\/wp\/v2\/types\/page"}],"author":[{"embeddable":true,"href":"https:\/\/www.operndorf-afrika.com\/fr\/wp-json\/wp\/v2\/users\/3"}],"replies":[{"embeddable":true,"href":"https:\/\/www.operndorf-afrika.com\/fr\/wp-json\/wp\/v2\/comments?post=3685"}],"version-history":[{"count":2,"href":"https:\/\/www.operndorf-afrika.com\/fr\/wp-json\/wp\/v2\/pages\/3685\/revisions"}],"predecessor-version":[{"id":12376,"href":"https:\/\/www.operndorf-afrika.com\/fr\/wp-json\/wp\/v2\/pages\/3685\/revisions\/12376"}],"wp:attachment":[{"href":"https:\/\/www.operndorf-afrika.com\/fr\/wp-json\/wp\/v2\/media?parent=3685"}],"curies":[{"name":"wp","href":"https:\/\/api.w.org\/{rel}","templated":true}]}}